{"id":4004,"date":"2025-01-08T14:25:18","date_gmt":"2025-01-08T12:25:18","guid":{"rendered":"https:\/\/atestaterutiere.ro\/?post_type=product&#038;p=4004"},"modified":"2025-12-17T07:20:48","modified_gmt":"2025-12-17T05:20:48","slug":"reg-transport-marfa","status":"publish","type":"product","link":"https:\/\/atestaterutiere.ro\/en\/product\/reg-transport-marfa\/","title":{"rendered":"Reg. transport marfa"},"content":{"rendered":"<p>Ce documente trebuie s\u0103 se g\u0103seasc\u0103 la bordul vehiculului \u00een timpul transportului contra cost? Dar \u00een timpul transportului \u00een cont propriu? Care este documentul de transport? Ce este scrisoarea CMR? Dar carnetul TIR? Ce este cabotajul? Ce condi\u021bii trebuie s\u0103 \u00eendeplineasc\u0103 elementele de fixare a m\u0103rfii?<br \/>\nLa acest curs explic\u0103m tot ceea ce trebuie \u0219tiut ca s\u0103 putem r\u0103spunde la aceste \u00eentreb\u0103ri \u0219i la toate celelalte referitoare la transportul de marf\u0103.<br \/>\nVom rezolva \u00eempreun\u0103 toate subiectele pe aceast\u0103 tem\u0103 de la proba scris\u0103 \u2013 studiul de caz, a examenului de ob\u021binere a atestatului CPI marf\u0103.<\/p>\n<p>De retinut:<br \/>\nCursurile online sunt servicii suport de invatamant (meditatii) care te vor ajuta sa-ti imbunatatesti sansele de promovare la proba scrisa (studiul de caz) de la examenul CPI. Cursurile online nu inlocuiesc obligatia de a fi inscris si programat pentru examen la un centru de formare autorizat din judetul in care doresti sa sustii examenul.<\/p>\n<p>Cursurile se pot achita doar online folosind plata cu cardul bancar in deplina siguranta sau prin transfer bancar. Daca preferi sa achiti prin transfer bancar (OP), la finalizarea comenzii vor fi afisate datele bancare pentru a achita cursul si totodata vor fi trimise si pe email.<\/p>\n<p>Cursurile se sustin exclusiv online, pe platforma Zoom. Linkurile de conectare sunt unice si sunt puse la dispozitie prin email, in ziua desfasurarii cursurilor, impreuna cu instructiunile de conectare.<\/p>\n<p><strong>Despre profesor<\/strong>: Mihaela Turlica este autor de manuale pentru soferi, lector atestat pentru formarea profesionala a conducatorilor auto si a managerilor de transport si profesor atestat de legislatie rutiera.<\/p>","protected":false},"excerpt":{"rendered":"<p>Ce documente trebuie s\u0103 se g\u0103seasc\u0103 la bordul vehiculului \u00een timpul transportului contra cost? Dar \u00een timpul transportului \u00een cont propriu? Care este documentul de transport? Ce este scrisoarea CMR? Dar carnetul TIR? Ce este cabotajul? Ce condi\u021bii trebuie s\u0103 \u00eendeplineasc\u0103 elementele de fixare a m\u0103rfii? La acest curs explic\u0103m tot ceea ce trebuie \u0219tiut [&hellip;]<\/p>\n","protected":false},"featured_media":1419,"comment_status":"open","ping_status":"closed","template":"","meta":[],"product_brand":[],"product_cat":[18],"product_tag":[],"class_list":{"0":"post-4004","1":"product","2":"type-product","3":"status-publish","4":"has-post-thumbnail","6":"product_cat-cursuri","8":"first","9":"outofstock","10":"virtual","11":"purchasable","12":"product-type-simple"},"_links":{"self":[{"href":"https:\/\/atestaterutiere.ro\/en\/wp-json\/wp\/v2\/product\/4004","targetHints":{"allow":["GET"]}}],"collection":[{"href":"https:\/\/atestaterutiere.ro\/en\/wp-json\/wp\/v2\/product"}],"about":[{"href":"https:\/\/atestaterutiere.ro\/en\/wp-json\/wp\/v2\/types\/product"}],"replies":[{"embeddable":true,"href":"https:\/\/atestaterutiere.ro\/en\/wp-json\/wp\/v2\/comments?post=4004"}],"version-history":[{"count":0,"href":"https:\/\/atestaterutiere.ro\/en\/wp-json\/wp\/v2\/product\/4004\/revisions"}],"wp:featuredmedia":[{"embeddable":true,"href":"https:\/\/atestaterutiere.ro\/en\/wp-json\/wp\/v2\/media\/1419"}],"wp:attachment":[{"href":"https:\/\/atestaterutiere.ro\/en\/wp-json\/wp\/v2\/media?parent=4004"}],"wp:term":[{"taxonomy":"product_brand","embeddable":true,"href":"https:\/\/atestaterutiere.ro\/en\/wp-json\/wp\/v2\/product_brand?post=4004"},{"taxonomy":"product_cat","embeddable":true,"href":"https:\/\/atestaterutiere.ro\/en\/wp-json\/wp\/v2\/product_cat?post=4004"},{"taxonomy":"product_tag","embeddable":true,"href":"https:\/\/atestaterutiere.ro\/en\/wp-json\/wp\/v2\/product_tag?post=4004"}],"curies":[{"name":"wp","href":"https:\/\/api.w.org\/{rel}","templated":true}]}}